{"id":11339,"date":"2021-03-07T22:53:29","date_gmt":"2021-03-07T21:53:29","guid":{"rendered":"http:\/\/wsdelblag.pl\/?page_id=11339"},"modified":"2024-03-01T08:23:41","modified_gmt":"2024-03-01T07:23:41","slug":"fundacja-amicus","status":"publish","type":"page","link":"https:\/\/wsdelblag.pl\/?page_id=11339","title":{"rendered":"Fundacja Amicus"},"content":{"rendered":"\r\n<figure class=\"wp-block-image size-large\"><img loading=\"lazy\" decoding=\"async\" width=\"893\" height=\"323\" class=\"wp-image-11340\" src=\"http:\/\/wsdelblag.pl\/wp-content\/uploads\/2021\/03\/amicus.jpg\" alt=\"\" srcset=\"https:\/\/wsdelblag.pl\/wp-content\/uploads\/2021\/03\/amicus.jpg 893w, https:\/\/wsdelblag.pl\/wp-content\/uploads\/2021\/03\/amicus-300x109.jpg 300w, https:\/\/wsdelblag.pl\/wp-content\/uploads\/2021\/03\/amicus-768x278.jpg 768w\" sizes=\"auto, (max-width: 893px) 100vw, 893px\" \/><\/figure>\r\n\r\n\r\n\r\n<p><strong>Nasze Seminarium powo\u0142a\u0142o do \u017cycia, za zgod\u0105 Biskupa Elbl\u0105skiego, fundacj\u0119 o nazwie \u201eFundacja Przyjaci\u00f3\u0142 Wy\u017cszego Seminarium Duchownego Diecezji Elbl\u0105skiej Amicus\u201d. Celem dzia\u0142a\u0144 Fundacji jest:<\/strong><\/p>\r\n\r\n\r\n\r\n<ol class=\"wp-block-list\">\r\n<li>wspieranie formacji alumn\u00f3w Wy\u017cszego Seminarium Duchownego Diecezji Elbl\u0105skiej,<\/li>\r\n<li>wspieranie dzia\u0142alno\u015bci i rozwoju Wy\u017cszego Seminarium Duchownego Diecezji Elbl\u0105skiej,<\/li>\r\n<li>pomoc stypendialna dla alumn\u00f3w,<\/li>\r\n<li>dzia\u0142alno\u015b\u0107 w dziedzinie edukacji, kultury oraz dzia\u0142alno\u015b\u0107&nbsp; charytatywna,<\/li>\r\n<li>wspieranie dzia\u0142a\u0144 konserwatorskich i rewitalizacyjnych.<\/li>\r\n<\/ol>\r\n\r\n\r\n\r\n<p>Powy\u017csze cele Fundacja realizowa\u0107 b\u0119dzie przez dzia\u0142anie zgodne z przyj\u0119tym i zatwierdzonym statutem.<\/p>\r\n\r\n\r\n\r\n\r\n\r\n<p>&nbsp;<\/p>\r\n\r\n\r\n\r\n<p><strong><span class=\"has-inline-color has-vivid-red-color\">DANE FUNDACJI<\/span><\/strong><\/p>\r\n\r\n\r\n\r\n<p>KRS: 0000444310<br>REGON: 281486803<br>NIP: 578-311-20-82<br>Adres: 82-300 Elbl\u0105g, ul. Bo\u017cego Cia\u0142a 10<\/p>\r\n\r\n\r\n\r\n<p>Konto: Bank PeKao S.A. O. II\/Elbl\u0105g, ul. Stary Rynek 18a<br>Nr konta: 04 1240 2265 1111 0010 4987 1293<\/p>\r\n","protected":false},"excerpt":{"rendered":"<p>Nasze Seminarium powo\u0142a\u0142o do \u017cycia, za zgod\u0105 Biskupa Elbl\u0105skiego, fundacj\u0119 o nazwie \u201eFundacja Przyjaci\u00f3\u0142 Wy\u017cszego Seminarium Duchownego Diecezji Elbl\u0105skiej Amicus\u201d. Celem dzia\u0142a\u0144 Fundacji jest: wspieranie formacji alumn\u00f3w Wy\u017cszego Seminarium Duchownego Diecezji Elbl\u0105skiej, wspieranie dzia\u0142alno\u015bci i rozwoju Wy\u017cszego Seminarium Duchownego Diecezji Elbl\u0105skiej, pomoc stypendialna dla alumn\u00f3w, dzia\u0142alno\u015b\u0107 w dziedzinie edukacji, kultury oraz dzia\u0142alno\u015b\u0107&nbsp; charytatywna, wspieranie dzia\u0142a\u0144 [&hellip;]<\/p>\n","protected":false},"author":1,"featured_media":0,"parent":0,"menu_order":0,"comment_status":"closed","ping_status":"closed","template":"","meta":{"ngg_post_thumbnail":0,"footnotes":""},"class_list":["post-11339","page","type-page","status-publish","hentry"],"_links":{"self":[{"href":"https:\/\/wsdelblag.pl\/index.php?rest_route=\/wp\/v2\/pages\/11339","targetHints":{"allow":["GET"]}}],"collection":[{"href":"https:\/\/wsdelblag.pl\/index.php?rest_route=\/wp\/v2\/pages"}],"about":[{"href":"https:\/\/wsdelblag.pl\/index.php?rest_route=\/wp\/v2\/types\/page"}],"author":[{"embeddable":true,"href":"https:\/\/wsdelblag.pl\/index.php?rest_route=\/wp\/v2\/users\/1"}],"replies":[{"embeddable":true,"href":"https:\/\/wsdelblag.pl\/index.php?rest_route=%2Fwp%2Fv2%2Fcomments&post=11339"}],"version-history":[{"count":3,"href":"https:\/\/wsdelblag.pl\/index.php?rest_route=\/wp\/v2\/pages\/11339\/revisions"}],"predecessor-version":[{"id":12297,"href":"https:\/\/wsdelblag.pl\/index.php?rest_route=\/wp\/v2\/pages\/11339\/revisions\/12297"}],"wp:attachment":[{"href":"https:\/\/wsdelblag.pl\/index.php?rest_route=%2Fwp%2Fv2%2Fmedia&parent=11339"}],"curies":[{"name":"wp","href":"https:\/\/api.w.org\/{rel}","templated":true}]}}