{"id":11420,"date":"2021-03-08T12:01:36","date_gmt":"2021-03-08T11:01:36","guid":{"rendered":"http:\/\/wsdelblag.pl\/?page_id=11420"},"modified":"2021-03-08T12:02:43","modified_gmt":"2021-03-08T11:02:43","slug":"bractwo-rozancowe","status":"publish","type":"page","link":"https:\/\/wsdelblag.pl\/?page_id=11420","title":{"rendered":"Bractwo r\u00f3\u017ca\u0144cowe"},"content":{"rendered":"\n<div class=\"wp-block-image\"><figure class=\"aligncenter size-large\"><img loading=\"lazy\" decoding=\"async\" width=\"1024\" height=\"478\" src=\"http:\/\/wsdelblag.pl\/wp-content\/uploads\/2021\/03\/kolo-rozancowe-1024x478.jpg\" alt=\"\" class=\"wp-image-11421\" srcset=\"https:\/\/wsdelblag.pl\/wp-content\/uploads\/2021\/03\/kolo-rozancowe-1024x478.jpg 1024w, https:\/\/wsdelblag.pl\/wp-content\/uploads\/2021\/03\/kolo-rozancowe-300x140.jpg 300w, https:\/\/wsdelblag.pl\/wp-content\/uploads\/2021\/03\/kolo-rozancowe-768x359.jpg 768w, https:\/\/wsdelblag.pl\/wp-content\/uploads\/2021\/03\/kolo-rozancowe-1536x718.jpg 1536w, https:\/\/wsdelblag.pl\/wp-content\/uploads\/2021\/03\/kolo-rozancowe-2048x957.jpg 2048w\" sizes=\"auto, (max-width: 1024px) 100vw, 1024px\" \/><\/figure><\/div>\n\n\n\n<p class=\"has-text-align-center\"><strong>Bractwo R\u00f3\u017ca\u0144cowe Naj\u015bwi\u0119tszej Maryi Panny<br>Wy\u017cszego Seminarium Duchownego w Elbl\u0105gu<\/strong><\/p>\n\n\n\n<p class=\"has-drop-cap\">Celem naszego bractwa jest propagowanie w seminarium kultu Naj\u015bwi\u0119tszej Maryi Panny, dlatego 15minut przed wsp\u00f3lnymi modlitwami zaanga\u017cowani w bractwo alumni spotykaj\u0105 si\u0119 aby rozwa\u017ca\u0107 fragment \u201eTraktatu o prawdziwym nabo\u017ce\u0144stwie do Naj\u015bwi\u0119tszej Maryi Panny\u201d \u015bw. Ludwika Marii Grignion de Montfort i odm\u00f3wi\u0107 dwie tajemnice r\u00f3\u017ca\u0144ca \u015bwi\u0119tego. Ponadto cz\u0142onkowie bractwa zobowi\u0105zuj\u0105 si\u0119 do indywidualnego odm\u00f3wienia jednej cz\u0119\u015bci r\u00f3\u017ca\u0144ca ka\u017cdego dnia.&nbsp; Bractwo w poszczeg\u00f3lne dni tygodnia poleca w modlitwie r\u00f3\u017ca\u0144cowej kolejne roczniki, a w soboty wraz z ca\u0142\u0105 wsp\u00f3lnot\u0105 seminaryjn\u0105 prosi w intencjach dobroczy\u0144c\u00f3w Seminarium. Opiek\u0119 duchow\u0105 nad bractwem prowadz\u0105 ojcowie duchowni.<\/p>\n\n\n\n<p>Bractwo R\u00f3\u017ca\u0144cowe zaprasza wszystkich sympatyk\u00f3w Elbl\u0105skiego Seminarium do duchowej \u0142\u0105czno\u015bci w modlitwie. Zach\u0119camy aby w zaciszu swoich mieszka\u0144&nbsp; wsp\u00f3lnie z nami kierowa\u0107 do Matki Bo\u017cej pro\u015bby w intencji kleryk\u00f3w wed\u0142ug nast\u0119puj\u0105cego harmonogramu:<\/p>\n\n\n\n<p>1.\u00a0\u00a0\u00a0\u00a0\u00a0\u00a0\u00a0\u00a0\u00a0\u00a0\u00a0 <strong>Niedziela<\/strong> \u2013 Druga i trzecia tajemnica chwalebna \u2013 za kleryk\u00f3w z roku propedeutycznego,<\/p>\n\n\n\n<p>2.\u00a0\u00a0\u00a0\u00a0\u00a0\u00a0\u00a0\u00a0\u00a0\u00a0\u00a0 <strong>Poniedzia\u0142ek<\/strong> \u2013 Druga i trzecia tajemnica radosna \u2013 za kleryk\u00f3w z roku II,<\/p>\n\n\n\n<p>3.\u00a0\u00a0\u00a0\u00a0\u00a0\u00a0\u00a0\u00a0\u00a0\u00a0\u00a0 <strong>Wtorek<\/strong> \u2013 Druga i trzecia tajemnica bolesna \u2013 za kleryk\u00f3w z roku III,<\/p>\n\n\n\n<p>4.\u00a0\u00a0\u00a0\u00a0\u00a0\u00a0\u00a0\u00a0\u00a0\u00a0\u00a0 <strong>\u015aroda<\/strong> \u2013 Druga i trzecia tajemnica chwalebna \u2013 za kleryk\u00f3w z roku IV,<\/p>\n\n\n\n<p>5.\u00a0\u00a0\u00a0\u00a0\u00a0\u00a0\u00a0\u00a0\u00a0\u00a0\u00a0 <strong>Czwartek <\/strong>\u2013 Druga i trzecia tajemnica \u015bwiat\u0142a \u2013 za kleryk\u00f3w z roku V,<\/p>\n\n\n\n<p>6.\u00a0\u00a0\u00a0\u00a0\u00a0\u00a0\u00a0\u00a0\u00a0\u00a0\u00a0 <strong>Pi\u0105tek<\/strong> \u2013 Druga i trzecia tajemnica bolesna \u2013 za kleryk\u00f3w z roku VI,<\/p>\n\n\n\n<p>7.\u00a0\u00a0\u00a0\u00a0\u00a0\u00a0\u00a0\u00a0\u00a0\u00a0\u00a0 <strong>Sobota<\/strong> \u2013 Tajemnice Radosne w intencji dobroczy\u0144c\u00f3w Seminarium, ksi\u0119\u017cy moderator\u00f3w, wyk\u0142adowc\u00f3w, pracownik\u00f3w.<\/p>\n\n\n\n<p class=\"has-text-align-center\"><strong><em>\u201eOdmawiajcie r\u00f3\u017caniec! \u0141aski wyproszone przez t\u0119 modlitw\u0119 b\u0119d\u0105 dla was zbawienne\u00a0i doprowadz\u0105 was do szcz\u0119\u015bcia wiecznego w niebie.\u201d<\/em><\/strong><\/p>\n","protected":false},"excerpt":{"rendered":"<p>Bractwo R\u00f3\u017ca\u0144cowe Naj\u015bwi\u0119tszej Maryi PannyWy\u017cszego Seminarium Duchownego w Elbl\u0105gu Celem naszego bractwa jest propagowanie w seminarium kultu Naj\u015bwi\u0119tszej Maryi Panny, dlatego 15minut przed wsp\u00f3lnymi modlitwami zaanga\u017cowani w bractwo alumni spotykaj\u0105 si\u0119 aby rozwa\u017ca\u0107 fragment \u201eTraktatu o prawdziwym nabo\u017ce\u0144stwie do Naj\u015bwi\u0119tszej Maryi Panny\u201d \u015bw. Ludwika Marii Grignion de Montfort i odm\u00f3wi\u0107 dwie tajemnice r\u00f3\u017ca\u0144ca \u015bwi\u0119tego. Ponadto [&hellip;]<\/p>\n","protected":false},"author":1,"featured_media":0,"parent":0,"menu_order":0,"comment_status":"closed","ping_status":"closed","template":"","meta":{"ngg_post_thumbnail":0,"footnotes":""},"class_list":["post-11420","page","type-page","status-publish","hentry"],"_links":{"self":[{"href":"https:\/\/wsdelblag.pl\/index.php?rest_route=\/wp\/v2\/pages\/11420","targetHints":{"allow":["GET"]}}],"collection":[{"href":"https:\/\/wsdelblag.pl\/index.php?rest_route=\/wp\/v2\/pages"}],"about":[{"href":"https:\/\/wsdelblag.pl\/index.php?rest_route=\/wp\/v2\/types\/page"}],"author":[{"embeddable":true,"href":"https:\/\/wsdelblag.pl\/index.php?rest_route=\/wp\/v2\/users\/1"}],"replies":[{"embeddable":true,"href":"https:\/\/wsdelblag.pl\/index.php?rest_route=%2Fwp%2Fv2%2Fcomments&post=11420"}],"version-history":[{"count":2,"href":"https:\/\/wsdelblag.pl\/index.php?rest_route=\/wp\/v2\/pages\/11420\/revisions"}],"predecessor-version":[{"id":11423,"href":"https:\/\/wsdelblag.pl\/index.php?rest_route=\/wp\/v2\/pages\/11420\/revisions\/11423"}],"wp:attachment":[{"href":"https:\/\/wsdelblag.pl\/index.php?rest_route=%2Fwp%2Fv2%2Fmedia&parent=11420"}],"curies":[{"name":"wp","href":"https:\/\/api.w.org\/{rel}","templated":true}]}}