{"id":11443,"date":"2021-03-08T12:47:12","date_gmt":"2021-03-08T11:47:12","guid":{"rendered":"http:\/\/wsdelblag.pl\/?page_id=11443"},"modified":"2025-09-24T21:37:13","modified_gmt":"2025-09-24T19:37:13","slug":"kolo-powolaniowe","status":"publish","type":"page","link":"https:\/\/wsdelblag.pl\/?page_id=11443","title":{"rendered":"Ko\u0142o powo\u0142aniowe"},"content":{"rendered":"\r\n<div class=\"wp-block-image\">\r\n<figure class=\"aligncenter size-large\"><img loading=\"lazy\" decoding=\"async\" width=\"1024\" height=\"478\" class=\"wp-image-11442\" src=\"http:\/\/wsdelblag.pl\/wp-content\/uploads\/2021\/03\/kolo-powolaniowe-1024x478.jpg\" alt=\"\" srcset=\"https:\/\/wsdelblag.pl\/wp-content\/uploads\/2021\/03\/kolo-powolaniowe-1024x478.jpg 1024w, https:\/\/wsdelblag.pl\/wp-content\/uploads\/2021\/03\/kolo-powolaniowe-300x140.jpg 300w, https:\/\/wsdelblag.pl\/wp-content\/uploads\/2021\/03\/kolo-powolaniowe-768x359.jpg 768w, https:\/\/wsdelblag.pl\/wp-content\/uploads\/2021\/03\/kolo-powolaniowe-1536x718.jpg 1536w, https:\/\/wsdelblag.pl\/wp-content\/uploads\/2021\/03\/kolo-powolaniowe-2048x957.jpg 2048w\" sizes=\"auto, (max-width: 1024px) 100vw, 1024px\" \/><\/figure>\r\n<\/div>\r\n\r\n\r\n\r\n<p class=\"has-text-align-center\"><strong><em><span class=\"has-inline-color has-luminous-vivid-amber-color\">&#8220;\u017bniwo wprawdzie wielkie, ale robotnik\u00f3w ma\u0142o. Pro\u015bcie Pana \u017cniwa, \u017ceby wyprawi\u0142 robotnik\u00f3w na swoje \u017cniwo&#8221; [Mt 9,37]<\/span><\/em><\/strong><\/p>\r\n\r\n\r\n\r\n<p class=\"has-drop-cap\">Ko\u0142o Powo\u0142aniowe przy Wy\u017cszym Seminarium Duchownym Diecezji Elbl\u0105skiej powsta\u0142o w 2003 roku. Inicjatyw\u0119 t\u0119 podj\u0119li klerycy, kt\u00f3rym przewodzi\u0142 pierwszy prezes ko\u0142a, alumn Adam Skrzy\u0144ski.<\/p>\r\n\r\n\r\n\r\n<p>Ko\u0142o powo\u0142aniowe to grupa modlitewna, kt\u00f3ra przez ca\u0142y rok modli si\u0119 w intencji nowych powo\u0142a\u0144 do kap\u0142a\u0144stwa, na wz\u00f3r Jezusa Chrystusa Najwy\u017cszego i Wiecznego Kap\u0142ana, a tak\u017ce o umocnienie ju\u017c powo\u0142anych. Tradycj\u0105 sta\u0142y si\u0119, organizowane w naszym seminarium, rekolekcje powo\u0142aniowe dla m\u0142odzie\u017cy m\u0119skiej. Odbywaj\u0105 si\u0119 one dwa razy w roku, podczas ferii zimowych i wakacji. S\u0105 one okazj\u0105 do rozeznania swojej drogi \u017cyciowej, \u201ezaprzyja\u017anienia si\u0119\u201d na nowo z Panem Bogiem, s\u0105 okazj\u0105 do poznania wielu ciekawych ludzi. Atrakcj\u0105 rekolekcji jest to, \u017ce rekolektanci \u015bpi\u0105 w pokojach kleryk\u00f3w, a tak\u017ce mog\u0105 zasmakowa\u0107 \u017cycia kleryckiego. Nasze Ko\u0142o bierze tak\u017ce czynny udzia\u0142 w czuwaniu maturzyst\u00f3w Diecezji Elbl\u0105skiej, kt\u00f3re co roku odbywa si\u0119 w Cz\u0119stochowie, przygotowuj\u0105c specjalne nabo\u017ce\u0144stwo, kt\u00f3re przybli\u017ca powo\u0142anie do ma\u0142\u017ce\u0144stwa, kap\u0142a\u0144stwa i \u017cycia konsekrowanego. Nasze Ko\u0142o pomaga tak\u017ce w prowadzeniu kursu lektorskiego, kt\u00f3ry odbywa si\u0119 w okresie Wielkiego Postu, dla ministrant\u00f3w z okr\u0119gu elbl\u0105skiego. Od zesz\u0142ego roku wprowadzili\u015bmy szczeg\u00f3lne modlitwy o rozeznanie powo\u0142ania dla os\u00f3b, kt\u00f3re by\u0142y w naszym Seminarium na rekolekcjach<\/p>\r\n\r\n\r\n\r\n<p>&nbsp;<\/p>\r\n","protected":false},"excerpt":{"rendered":"<p>&#8220;\u017bniwo wprawdzie wielkie, ale robotnik\u00f3w ma\u0142o. Pro\u015bcie Pana \u017cniwa, \u017ceby wyprawi\u0142 robotnik\u00f3w na swoje \u017cniwo&#8221; [Mt 9,37] Ko\u0142o Powo\u0142aniowe przy Wy\u017cszym Seminarium Duchownym Diecezji Elbl\u0105skiej powsta\u0142o w 2003 roku. Inicjatyw\u0119 t\u0119 podj\u0119li klerycy, kt\u00f3rym przewodzi\u0142 pierwszy prezes ko\u0142a, alumn Adam Skrzy\u0144ski. Ko\u0142o powo\u0142aniowe to grupa modlitewna, kt\u00f3ra przez ca\u0142y rok modli si\u0119 w intencji nowych [&hellip;]<\/p>\n","protected":false},"author":1,"featured_media":0,"parent":0,"menu_order":0,"comment_status":"closed","ping_status":"closed","template":"","meta":{"ngg_post_thumbnail":0,"footnotes":""},"class_list":["post-11443","page","type-page","status-publish","hentry"],"_links":{"self":[{"href":"https:\/\/wsdelblag.pl\/index.php?rest_route=\/wp\/v2\/pages\/11443","targetHints":{"allow":["GET"]}}],"collection":[{"href":"https:\/\/wsdelblag.pl\/index.php?rest_route=\/wp\/v2\/pages"}],"about":[{"href":"https:\/\/wsdelblag.pl\/index.php?rest_route=\/wp\/v2\/types\/page"}],"author":[{"embeddable":true,"href":"https:\/\/wsdelblag.pl\/index.php?rest_route=\/wp\/v2\/users\/1"}],"replies":[{"embeddable":true,"href":"https:\/\/wsdelblag.pl\/index.php?rest_route=%2Fwp%2Fv2%2Fcomments&post=11443"}],"version-history":[{"count":3,"href":"https:\/\/wsdelblag.pl\/index.php?rest_route=\/wp\/v2\/pages\/11443\/revisions"}],"predecessor-version":[{"id":12508,"href":"https:\/\/wsdelblag.pl\/index.php?rest_route=\/wp\/v2\/pages\/11443\/revisions\/12508"}],"wp:attachment":[{"href":"https:\/\/wsdelblag.pl\/index.php?rest_route=%2Fwp%2Fv2%2Fmedia&parent=11443"}],"curies":[{"name":"wp","href":"https:\/\/api.w.org\/{rel}","templated":true}]}}