{"id":11445,"date":"2021-03-08T12:53:01","date_gmt":"2021-03-08T11:53:01","guid":{"rendered":"http:\/\/wsdelblag.pl\/?page_id=11445"},"modified":"2021-03-08T12:53:04","modified_gmt":"2021-03-08T11:53:04","slug":"kleryckie-kolo-ruchu-swiatlo-zycie","status":"publish","type":"page","link":"https:\/\/wsdelblag.pl\/?page_id=11445","title":{"rendered":"Kleryckie Ko\u0142o Ruchu \u015awiat\u0142o-\u017bycie"},"content":{"rendered":"\n<div class=\"wp-block-image\"><figure class=\"aligncenter size-large\"><img loading=\"lazy\" decoding=\"async\" width=\"1024\" height=\"478\" src=\"http:\/\/wsdelblag.pl\/wp-content\/uploads\/2021\/03\/oaza-1024x478.jpg\" alt=\"\" class=\"wp-image-11446\" srcset=\"https:\/\/wsdelblag.pl\/wp-content\/uploads\/2021\/03\/oaza-1024x478.jpg 1024w, https:\/\/wsdelblag.pl\/wp-content\/uploads\/2021\/03\/oaza-300x140.jpg 300w, https:\/\/wsdelblag.pl\/wp-content\/uploads\/2021\/03\/oaza-768x359.jpg 768w, https:\/\/wsdelblag.pl\/wp-content\/uploads\/2021\/03\/oaza-1536x718.jpg 1536w, https:\/\/wsdelblag.pl\/wp-content\/uploads\/2021\/03\/oaza-2048x957.jpg 2048w\" sizes=\"auto, (max-width: 1024px) 100vw, 1024px\" \/><\/figure><\/div>\n\n\n\n<p class=\"has-drop-cap\">Ruch \u015awiat\u0142o-\u017bycie jest jednym z ruch\u00f3w odnowy Ko\u015bcio\u0142a wed\u0142ug nauczania Soboru Watyka\u0144skiego II. Gromadzi ludzi r\u00f3\u017cnego wieku i powo\u0142ania: m\u0142odzie\u017c, dzieci, doros\u0142ych, jak r\u00f3wnie\u017c kap\u0142an\u00f3w, zakonnik\u00f3w, zakonnice, cz\u0142onk\u00f3w instytut\u00f3w \u015bwieckich oraz rodziny w ga\u0142\u0119zi rodzinnej, jak\u0105 jest Domowy Ko\u015bci\u00f3\u0142. Tw\u00f3rc\u0105 oazy, za\u0142o\u017cycielem Ruchu i pierwszym moderatorem krajowym by\u0142 ks. Franciszek Blachnicki (24 III 1921 \u2013 27 II 1987).<\/p>\n\n\n\n<p>Do kleryckiego ko\u0142a Ruchu \u015awiat\u0142o \u017bycie nale\u017c\u0105 klerycy, kt\u00f3rzy pragn\u0105 bli\u017cej pozna\u0107 ten ruch, aby po \u015bwi\u0119ceniach diakonatu i prezbiteratu jak najlepiej s\u0142u\u017cy\u0107 w jego strukturach. Poznajemy ga\u0142\u0105\u017a rodzinn\u0105 Ruchu \u015awiat\u0142o \u017bycie, kt\u00f3ra nosi nazw\u0119 Domowy Ko\u015bci\u00f3\u0142 bior\u0105c udzia\u0142 w m. in. w dniach wsp\u00f3lnoty.<\/p>\n\n\n\n<p>Podczas wakacji pos\u0142ugujemy na rekolekcjach organizowany oazowych jako animatorzy. Najcz\u0119\u015bciej jeste\u015bmy zapraszani do tych pos\u0142ugi w diakonii opieku\u0144czo-wychowawczych na oazach rodzin Domowego Ko\u015bcio\u0142a i Dzieci Bo\u017cych. Po formacji rocznej staramy si\u0119 te\u017c wyje\u017cd\u017ca\u0107 na w\u0142asne rekolekcje.<\/p>\n\n\n\n<p>Mamy wsp\u00f3ln\u0105 nadziej\u0119 \u017ce to ko\u0142o pomo\u017ce nam jeszcze lepiej s\u0142u\u017cy\u0107 \u017cywemu ko\u015bcio\u0142owi po uzyskaniu \u015bwi\u0119ce\u0144.<\/p>\n\n\n\n<p><strong><span class=\"has-inline-color has-vivid-purple-color\">Prezes ko\u0142a:<\/span> al. Piotr Kreczman<\/strong><\/p>\n","protected":false},"excerpt":{"rendered":"<p>Ruch \u015awiat\u0142o-\u017bycie jest jednym z ruch\u00f3w odnowy Ko\u015bcio\u0142a wed\u0142ug nauczania Soboru Watyka\u0144skiego II. Gromadzi ludzi r\u00f3\u017cnego wieku i powo\u0142ania: m\u0142odzie\u017c, dzieci, doros\u0142ych, jak r\u00f3wnie\u017c kap\u0142an\u00f3w, zakonnik\u00f3w, zakonnice, cz\u0142onk\u00f3w instytut\u00f3w \u015bwieckich oraz rodziny w ga\u0142\u0119zi rodzinnej, jak\u0105 jest Domowy Ko\u015bci\u00f3\u0142. Tw\u00f3rc\u0105 oazy, za\u0142o\u017cycielem Ruchu i pierwszym moderatorem krajowym by\u0142 ks. Franciszek Blachnicki (24 III 1921 \u2013 [&hellip;]<\/p>\n","protected":false},"author":1,"featured_media":0,"parent":0,"menu_order":0,"comment_status":"closed","ping_status":"closed","template":"","meta":{"ngg_post_thumbnail":0,"footnotes":""},"class_list":["post-11445","page","type-page","status-publish","hentry"],"_links":{"self":[{"href":"https:\/\/wsdelblag.pl\/index.php?rest_route=\/wp\/v2\/pages\/11445","targetHints":{"allow":["GET"]}}],"collection":[{"href":"https:\/\/wsdelblag.pl\/index.php?rest_route=\/wp\/v2\/pages"}],"about":[{"href":"https:\/\/wsdelblag.pl\/index.php?rest_route=\/wp\/v2\/types\/page"}],"author":[{"embeddable":true,"href":"https:\/\/wsdelblag.pl\/index.php?rest_route=\/wp\/v2\/users\/1"}],"replies":[{"embeddable":true,"href":"https:\/\/wsdelblag.pl\/index.php?rest_route=%2Fwp%2Fv2%2Fcomments&post=11445"}],"version-history":[{"count":1,"href":"https:\/\/wsdelblag.pl\/index.php?rest_route=\/wp\/v2\/pages\/11445\/revisions"}],"predecessor-version":[{"id":11447,"href":"https:\/\/wsdelblag.pl\/index.php?rest_route=\/wp\/v2\/pages\/11445\/revisions\/11447"}],"wp:attachment":[{"href":"https:\/\/wsdelblag.pl\/index.php?rest_route=%2Fwp%2Fv2%2Fmedia&parent=11445"}],"curies":[{"name":"wp","href":"https:\/\/api.w.org\/{rel}","templated":true}]}}