{"id":11448,"date":"2021-03-08T12:57:21","date_gmt":"2021-03-08T11:57:21","guid":{"rendered":"http:\/\/wsdelblag.pl\/?page_id=11448"},"modified":"2021-03-10T13:44:53","modified_gmt":"2021-03-10T12:44:53","slug":"kolo-krwiodawstwa","status":"publish","type":"page","link":"https:\/\/wsdelblag.pl\/?page_id=11448","title":{"rendered":"Ko\u0142o krwiodawstwa"},"content":{"rendered":"\n<div class=\"wp-block-image\"><figure class=\"aligncenter size-large\"><img loading=\"lazy\" decoding=\"async\" width=\"1024\" height=\"331\" src=\"http:\/\/wsdelblag.pl\/wp-content\/uploads\/2021\/03\/obrazek-do-komunikatu_1024.jpg\" alt=\"\" class=\"wp-image-11449\" srcset=\"https:\/\/wsdelblag.pl\/wp-content\/uploads\/2021\/03\/obrazek-do-komunikatu_1024.jpg 1024w, https:\/\/wsdelblag.pl\/wp-content\/uploads\/2021\/03\/obrazek-do-komunikatu_1024-300x97.jpg 300w, https:\/\/wsdelblag.pl\/wp-content\/uploads\/2021\/03\/obrazek-do-komunikatu_1024-768x248.jpg 768w\" sizes=\"auto, (max-width: 1024px) 100vw, 1024px\" \/><\/figure><\/div>\n\n\n\n<p>Ko\u0142o Krwiodawc\u00f3w Wy\u017cszego Seminarium Duchownego w Elbl\u0105gu nale\u017cy do Oddzia\u0142u Rejonowego Polskiego Czerwonego Krzy\u017ca w Elbl\u0105gu. Regularnie organizuje akcje wyjazdowe do Oddzia\u0142u Terenowego Regionalnego Centrum Krwiodawstwa i Krwiolecznictwa w Elbl\u0105gu.<\/p>\n","protected":false},"excerpt":{"rendered":"<p>Ko\u0142o Krwiodawc\u00f3w Wy\u017cszego Seminarium Duchownego w Elbl\u0105gu nale\u017cy do Oddzia\u0142u Rejonowego Polskiego Czerwonego Krzy\u017ca w Elbl\u0105gu. Regularnie organizuje akcje wyjazdowe do Oddzia\u0142u Terenowego Regionalnego Centrum Krwiodawstwa i Krwiolecznictwa w Elbl\u0105gu.<\/p>\n","protected":false},"author":1,"featured_media":0,"parent":0,"menu_order":0,"comment_status":"closed","ping_status":"closed","template":"","meta":{"ngg_post_thumbnail":0,"footnotes":""},"class_list":["post-11448","page","type-page","status-publish","hentry"],"_links":{"self":[{"href":"https:\/\/wsdelblag.pl\/index.php?rest_route=\/wp\/v2\/pages\/11448","targetHints":{"allow":["GET"]}}],"collection":[{"href":"https:\/\/wsdelblag.pl\/index.php?rest_route=\/wp\/v2\/pages"}],"about":[{"href":"https:\/\/wsdelblag.pl\/index.php?rest_route=\/wp\/v2\/types\/page"}],"author":[{"embeddable":true,"href":"https:\/\/wsdelblag.pl\/index.php?rest_route=\/wp\/v2\/users\/1"}],"replies":[{"embeddable":true,"href":"https:\/\/wsdelblag.pl\/index.php?rest_route=%2Fwp%2Fv2%2Fcomments&post=11448"}],"version-history":[{"count":2,"href":"https:\/\/wsdelblag.pl\/index.php?rest_route=\/wp\/v2\/pages\/11448\/revisions"}],"predecessor-version":[{"id":11671,"href":"https:\/\/wsdelblag.pl\/index.php?rest_route=\/wp\/v2\/pages\/11448\/revisions\/11671"}],"wp:attachment":[{"href":"https:\/\/wsdelblag.pl\/index.php?rest_route=%2Fwp%2Fv2%2Fmedia&parent=11448"}],"curies":[{"name":"wp","href":"https:\/\/api.w.org\/{rel}","templated":true}]}}