{"id":11573,"date":"2021-03-09T16:51:12","date_gmt":"2021-03-09T15:51:12","guid":{"rendered":"http:\/\/wsdelblag.pl\/?page_id=11573"},"modified":"2022-03-10T17:26:59","modified_gmt":"2022-03-10T16:26:59","slug":"modlitwy","status":"publish","type":"page","link":"https:\/\/wsdelblag.pl\/?page_id=11573","title":{"rendered":"Modlitwy"},"content":{"rendered":"\r\n<div class=\"wp-block-image\">\r\n<figure class=\"aligncenter size-large\"><img loading=\"lazy\" decoding=\"async\" width=\"1024\" height=\"479\" class=\"wp-image-11574\" src=\"http:\/\/wsdelblag.pl\/wp-content\/uploads\/2021\/03\/modlitwy-1024x479.jpg\" alt=\"\" srcset=\"https:\/\/wsdelblag.pl\/wp-content\/uploads\/2021\/03\/modlitwy-1024x479.jpg 1024w, https:\/\/wsdelblag.pl\/wp-content\/uploads\/2021\/03\/modlitwy-300x140.jpg 300w, https:\/\/wsdelblag.pl\/wp-content\/uploads\/2021\/03\/modlitwy-768x359.jpg 768w, https:\/\/wsdelblag.pl\/wp-content\/uploads\/2021\/03\/modlitwy-1536x718.jpg 1536w, https:\/\/wsdelblag.pl\/wp-content\/uploads\/2021\/03\/modlitwy.jpg 1555w\" sizes=\"auto, (max-width: 1024px) 100vw, 1024px\" \/><\/figure>\r\n<\/div>\r\n\r\n\r\n\r\n<p class=\"has-text-align-center\"><strong>MODLITWA O DOBRE WYKORZYSTANIE CZASU<\/strong><\/p>\r\n\r\n\r\n\r\n<p class=\"has-drop-cap\">Bo\u017ce m\u00f3j, naucz mnie dobrze wykorzystywa\u0107 czas, kt\u00f3ry mi wyznaczy\u0142e\u015b, abym go dobrze wype\u0142ni\u0142 nic z niego nie trac\u0105c. Naucz mnie przewidywa\u0107 bez udr\u0119ki. Naucz mnie wyci\u0105ga\u0107 korzy\u015bci z pope\u0142nionych b\u0142\u0119d\u00f3w, bez pogr\u0105\u017cania si\u0119 w ich rozpami\u0119tywaniu. Przyjd\u017a mi z pomoc\u0105, gdy zaczynam s\u0142u\u017cb\u0119, gdy\u017c w\u0142a\u015bnie wtedy czuj\u0119 si\u0119 s\u0142abym. Czuwaj nad moim skupieniem, gdy pracuj\u0119 i nade wszystko dope\u0142niaj niedoskona\u0142o\u015bci w moim dziele.<\/p>\r\n\r\n\r\n\r\n<div class=\"wp-block-spacer\" style=\"height: 30px;\" aria-hidden=\"true\">&nbsp;<\/div>\r\n\r\n\r\n\r\n<p class=\"has-text-align-center\"><strong>MODLITWA O ROZEZNANIE POWO\u0141ANIA<\/strong><\/p>\r\n\r\n\r\n\r\n<p class=\"has-drop-cap\">Panie Jezu Chryste, o\u015bwie\u0107 mnie, prosz\u0119, \u015bwiat\u0142em Twojego&nbsp;Ducha,<br>abym w\u0142a\u015bciwie odczyta\u0142 drog\u0119, kt\u00f3r\u0105 chcesz mnie prowadzi\u0107.<\/p>\r\n\r\n\r\n\r\n<p>Daj mi jasno\u015b\u0107 nie&nbsp;tylko&nbsp;umys\u0142u, ale przede wszystkim serca,<br>dla rozpoznania tego, kim jestem, kim mam by\u0107<br>i co mam robi\u0107, aby jak najlepiej zrealizowa\u0107 Tw\u00f3j&nbsp;plan wobec mnie.<\/p>\r\n\r\n\r\n\r\n<p>Udziel mi tak\u017ce si\u0142y do wytrwa\u0142ego kroczenia za&nbsp;Tob\u0105<br>drog\u0105 mojego&nbsp;\u017cyciowego powo\u0142ania. Amen<\/p>\r\n\r\n\r\n\r\n<div class=\"wp-block-spacer\" style=\"height: 30px;\" aria-hidden=\"true\">&nbsp;<\/div>\r\n\r\n\r\n\r\n<p class=\"has-text-align-center\"><strong>MODLITWA O POWO\u0141ANIA PAPIE\u017bA PAW\u0141A VI<\/strong><\/p>\r\n\r\n\r\n\r\n<p class=\"has-drop-cap\">O Jezu, Boski Pasterzu, kt\u00f3ry powo\u0142a\u0142e\u015b Aposto\u0142\u00f3w, aby ich uczyni\u0107 rybakami dusz, poci\u0105gnij ku sobie gor\u0105ce i szlachetne umys\u0142y m\u0142odych ludzi i uczy\u0144 ich swoimi na\u015bladowcami i swoimi s\u0142ugami. Spraw, by dzielili Twoje pragnienie powszechnego odkupienia, dla kt\u00f3rego ustawicznie sk\u0142adasz na o\u0142tarzach swoj\u0105 ofiar\u0119.<\/p>\r\n\r\n\r\n\r\n<p>Ty, o Panie, kt\u00f3ry \u017cyjesz, aby si\u0119 wstawia\u0107 za nami, otw\u00f3rz przed nimi takie horyzonty, by dostrzegali ca\u0142y \u015bwiat, w kt\u00f3rym wznosi si\u0119 niema pro\u015bba tak wielu braci o \u015bwiat\u0142o prawdy i ciep\u0142o mi\u0142o\u015bci. Spraw, by odpowiadaj\u0105c na Twoje wo\u0142anie przed\u0142u\u017cali tu na ziemi Twoj\u0105 misj\u0119, budowali Twoje Cia\u0142o mistyczne &#8211; Ko\u015bci\u00f3\u0142 i byli sol\u0105 ziemi i \u015bwiat\u0142o\u015bci\u0105 \u015bwiata.<\/p>\r\n\r\n\r\n\r\n<p>Rozszerz, o Panie, Twoje mi\u0142o\u015bciwe wo\u0142anie r\u00f3wnie\u017c na wiele serc kobiecych, czystych i wielkodusznych wlej w nie pragnienie doskona\u0142o\u015bci ewangelicznej, oddania si\u0119 s\u0142u\u017cbie Ko\u015bcio\u0142owi oraz ludziom potrzebuj\u0105cym pomocy i mi\u0142o\u015bci. Amen.<\/p>\r\n\r\n\r\n\r\n<div class=\"wp-block-spacer\" style=\"height: 30px;\" aria-hidden=\"true\">&nbsp;<\/div>\r\n\r\n\r\n\r\n<p class=\"has-text-align-center\"><strong>MODLITWA DO \u015aW. MICHA\u0141A ARCHANIO\u0141A<\/strong><\/p>\r\n\r\n\r\n\r\n<p class=\"has-drop-cap\">\u015aw. Michale Archaniele, Patronie dobrego wyboru, razem z Tob\u0105 staj\u0119 przed Bogiem, Ojcem mojego istnienia i mojej historii. Wierz\u0119, \u017ce ma On plan wobec mojego \u017cycia i nieustannie do mnie m\u00f3wi przez swoje S\u0142owo oraz wydarzenia. Ty pokona\u0142e\u015b szatana mieczem S\u0142owa Bo\u017cego i ca\u0142\u0105 swoj\u0105 istot\u0105 wybra\u0142e\u015b Boga. Wypro\u015b mi \u0142ask\u0119 uleg\u0142o\u015bci Natchnieniom Ducha \u015awi\u0119tego i pom\u00f3\u017c mi ws\u0142ucha\u0107 si\u0119 w g\u0142os Syna Bo\u017cego, abym m\u00f3g\u0142 rozezna\u0107 i wybra\u0107 drog\u0119 zgodn\u0105 z wol\u0105 Boga. Pragn\u0119 b\u0142ogos\u0142awi\u0107 Pana zar\u00f3wno wtedy, gdy wska\u017ce mi drog\u0119 \u017cycia w ma\u0142\u017ce\u0144stwie, jak i wtedy, gdy wezwie mnie na drog\u0119 \u017cycia konsekrowanego. \u015aw. Michale Archaniele, m\u00f3dl si\u0119 za mn\u0105, abym mia\u0142 odwag\u0119 p\u00f3j\u015b\u0107 za g\u0142osem powo\u0142ania. Niech m\u00f3j wyb\u00f3r b\u0119dzie zgodny z Twoim zawo\u0142aniem i z Twoim wyborem: \u201eKt\u00f3\u017c jak B\u00f3g!\u201d. Amen.<\/p>\r\n<p><img loading=\"lazy\" decoding=\"async\" class=\"alignleft size-full wp-image-12011\" src=\"http:\/\/wsdelblag.pl\/wp-content\/uploads\/2022\/03\/241176885_4599472486752355_6664678549258284862_n.jpg\" alt=\"\" width=\"960\" height=\"674\" srcset=\"https:\/\/wsdelblag.pl\/wp-content\/uploads\/2022\/03\/241176885_4599472486752355_6664678549258284862_n.jpg 960w, https:\/\/wsdelblag.pl\/wp-content\/uploads\/2022\/03\/241176885_4599472486752355_6664678549258284862_n-300x211.jpg 300w, https:\/\/wsdelblag.pl\/wp-content\/uploads\/2022\/03\/241176885_4599472486752355_6664678549258284862_n-768x539.jpg 768w\" sizes=\"auto, (max-width: 960px) 100vw, 960px\" \/><\/p>\r\n","protected":false},"excerpt":{"rendered":"<p>MODLITWA O DOBRE WYKORZYSTANIE CZASU Bo\u017ce m\u00f3j, naucz mnie dobrze wykorzystywa\u0107 czas, kt\u00f3ry mi wyznaczy\u0142e\u015b, abym go dobrze wype\u0142ni\u0142 nic z niego nie trac\u0105c. Naucz mnie przewidywa\u0107 bez udr\u0119ki. Naucz mnie wyci\u0105ga\u0107 korzy\u015bci z pope\u0142nionych b\u0142\u0119d\u00f3w, bez pogr\u0105\u017cania si\u0119 w ich rozpami\u0119tywaniu. Przyjd\u017a mi z pomoc\u0105, gdy zaczynam s\u0142u\u017cb\u0119, gdy\u017c w\u0142a\u015bnie wtedy czuj\u0119 si\u0119 s\u0142abym. [&hellip;]<\/p>\n","protected":false},"author":1,"featured_media":0,"parent":0,"menu_order":0,"comment_status":"closed","ping_status":"closed","template":"","meta":{"ngg_post_thumbnail":0,"footnotes":""},"class_list":["post-11573","page","type-page","status-publish","hentry"],"_links":{"self":[{"href":"https:\/\/wsdelblag.pl\/index.php?rest_route=\/wp\/v2\/pages\/11573","targetHints":{"allow":["GET"]}}],"collection":[{"href":"https:\/\/wsdelblag.pl\/index.php?rest_route=\/wp\/v2\/pages"}],"about":[{"href":"https:\/\/wsdelblag.pl\/index.php?rest_route=\/wp\/v2\/types\/page"}],"author":[{"embeddable":true,"href":"https:\/\/wsdelblag.pl\/index.php?rest_route=\/wp\/v2\/users\/1"}],"replies":[{"embeddable":true,"href":"https:\/\/wsdelblag.pl\/index.php?rest_route=%2Fwp%2Fv2%2Fcomments&post=11573"}],"version-history":[{"count":3,"href":"https:\/\/wsdelblag.pl\/index.php?rest_route=\/wp\/v2\/pages\/11573\/revisions"}],"predecessor-version":[{"id":12013,"href":"https:\/\/wsdelblag.pl\/index.php?rest_route=\/wp\/v2\/pages\/11573\/revisions\/12013"}],"wp:attachment":[{"href":"https:\/\/wsdelblag.pl\/index.php?rest_route=%2Fwp%2Fv2%2Fmedia&parent=11573"}],"curies":[{"name":"wp","href":"https:\/\/api.w.org\/{rel}","templated":true}]}}