{"id":142,"date":"2011-03-17T09:05:50","date_gmt":"2011-03-17T09:05:50","guid":{"rendered":"http:\/\/wsdelblag.pl\/?page_id=142"},"modified":"2024-09-04T14:50:28","modified_gmt":"2024-09-04T12:50:28","slug":"biblioteka","status":"publish","type":"page","link":"https:\/\/wsdelblag.pl\/?page_id=142","title":{"rendered":"Biblioteka"},"content":{"rendered":"\r\n<h3 class=\"wp-block-heading\">&nbsp;<\/h3>\r\n<h4 class=\"has-text-align-center\"><strong>Godziny otwarcia biblioteki:<\/strong><br>PONIEDZIA\u0141EK:13.00-15.00<br>WTOREK: 13.00-16:00<br>\u015aRODA: 13.00-16.00<br>CZWARTEK: 13.00-15.00<br>PI\u0104TEK: 13.00-15.00<\/h4>\r\n<p>&nbsp;<\/p>\r\n\r\n\r\n\r\n<div class=\"wp-block-image is-style-default\">\r\n<figure class=\"aligncenter size-large\"><img loading=\"lazy\" decoding=\"async\" width=\"692\" height=\"692\" class=\"wp-image-11795\" src=\"http:\/\/wsdelblag.pl\/wp-content\/uploads\/2021\/03\/BIBLIOTEKA-2.jpg\" alt=\"\" srcset=\"https:\/\/wsdelblag.pl\/wp-content\/uploads\/2021\/03\/BIBLIOTEKA-2.jpg 692w, https:\/\/wsdelblag.pl\/wp-content\/uploads\/2021\/03\/BIBLIOTEKA-2-300x300.jpg 300w, https:\/\/wsdelblag.pl\/wp-content\/uploads\/2021\/03\/BIBLIOTEKA-2-150x150.jpg 150w, https:\/\/wsdelblag.pl\/wp-content\/uploads\/2021\/03\/BIBLIOTEKA-2-400x400.jpg 400w\" sizes=\"auto, (max-width: 692px) 100vw, 692px\" \/><\/figure>\r\n<\/div>\r\n\r\n<h1><span style=\"color: #ff0000;\"><strong>Aktualne zasady korzystania z biblioteki<\/strong><\/span><\/h1>\r\n<p>Mo\u017cliwe jest wcze\u015bniejsze rezerwowanie przez Czytelnik\u00f3w zbior\u00f3w:<br>1. telefonicznie pod numerem: (55) 232-51-83<br>2. mailowo:&nbsp;<a href=\"mailto:bibliotekawsdelblag@gmail.com\" target=\"_blank\" rel=\"noopener\">bibliotekawsdelblag@gmail.com<\/a><\/p>\r\n<p>Odbi\u00f3r i zwrot ksi\u0105\u017cek, pomoc w wyszukiwaniu informacji naukowych poza godzinami otwarcia Biblioteki jest mo\u017cliwy po uprzednim telefonicznym lub mailowym ustaleniu.<\/p>\r\n<p>Informujemy, \u017ce w lipcu i sierpniu biblioteka jest nieczynna.<\/p>\r\n<hr>\r\n<p style=\"text-align: center;\"><strong>Katalogi on-line \/ Logowanie<br><\/strong><\/p>\r\n<p style=\"text-align: center;\"><a href=\"http:\/\/katalog.fides.org.pl\/\">http:\/\/katalog.fides.org.pl\/<\/a><\/p>\r\n<p><a href=\"http:\/\/katalog.nukat.edu.pl\/search\/query?theme=nukat\"><img loading=\"lazy\" decoding=\"async\" class=\"aligncenter wp-image-10390\" src=\"http:\/\/wsdelblag.pl\/wp-content\/uploads\/2019\/12\/baner_prosto_do_informacji-1024x203.png\" alt=\"\" width=\"433\" height=\"86\" srcset=\"https:\/\/wsdelblag.pl\/wp-content\/uploads\/2019\/12\/baner_prosto_do_informacji-1024x203.png 1024w, https:\/\/wsdelblag.pl\/wp-content\/uploads\/2019\/12\/baner_prosto_do_informacji-600x119.png 600w, https:\/\/wsdelblag.pl\/wp-content\/uploads\/2019\/12\/baner_prosto_do_informacji-300x59.png 300w, https:\/\/wsdelblag.pl\/wp-content\/uploads\/2019\/12\/baner_prosto_do_informacji-768x152.png 768w, https:\/\/wsdelblag.pl\/wp-content\/uploads\/2019\/12\/baner_prosto_do_informacji.png 1186w\" sizes=\"auto, (max-width: 433px) 100vw, 433px\" \/><\/a><\/p>\r\n<hr>\r\n<p style=\"text-align: center;\"><strong>Katalog prac dyplomowych:<\/strong><\/p>\r\n<p style=\"text-align: center;\"><a href=\"http:\/\/www.fides.org.pl\/cgi-bin\/makwww\/makwww.exe?BM=13\">http:\/\/www.fides.org.pl\/cgi-bin\/makwww\/makwww.exe?BM=13<\/a><\/p>\r\n<p style=\"text-align: center;\">ul. Bo\u017cego Cia\u0142a 10<br>82-300 Elbl\u0105g<br>tel. (055) 232-51-83<br>e-mail: bibliotekawsdelblag@gmail.com<\/p>\r\n<p style=\"text-align: center;\">&nbsp;<\/p>\r\n<h6 style=\"text-align: center;\">Obowi\u0105zek informacyjny w zakresie przetwarzania danych<\/h6>\r\n<p style=\"text-align: center;\"><a href=\"http:\/\/wsdelblag.pl\/wp-content\/uploads\/2021\/01\/Klauzula-obowiazek-informacyjny-2020-uzupelniony.doc\">Klauzula- obowi\u0105zek informacyjny&nbsp; <\/a><\/p>","protected":false},"excerpt":{"rendered":"<p>&nbsp; Godziny otwarcia biblioteki:PONIEDZIA\u0141EK:13.00-15.00WTOREK: 13.00-16:00\u015aRODA: 13.00-16.00CZWARTEK: 13.00-15.00PI\u0104TEK: 13.00-15.00 &nbsp; Aktualne zasady korzystania z biblioteki Mo\u017cliwe jest wcze\u015bniejsze rezerwowanie przez Czytelnik\u00f3w zbior\u00f3w:1. telefonicznie pod numerem: (55) 232-51-832. mailowo:&nbsp;bibliotekawsdelblag@gmail.com Odbi\u00f3r i zwrot ksi\u0105\u017cek, pomoc w wyszukiwaniu informacji naukowych poza godzinami otwarcia Biblioteki jest mo\u017cliwy po uprzednim telefonicznym lub mailowym ustaleniu. Informujemy, \u017ce w lipcu i sierpniu biblioteka [&hellip;]<\/p>\n","protected":false},"author":1,"featured_media":0,"parent":0,"menu_order":0,"comment_status":"closed","ping_status":"open","template":"","meta":{"ngg_post_thumbnail":0,"footnotes":""},"class_list":["post-142","page","type-page","status-publish","hentry"],"_links":{"self":[{"href":"https:\/\/wsdelblag.pl\/index.php?rest_route=\/wp\/v2\/pages\/142","targetHints":{"allow":["GET"]}}],"collection":[{"href":"https:\/\/wsdelblag.pl\/index.php?rest_route=\/wp\/v2\/pages"}],"about":[{"href":"https:\/\/wsdelblag.pl\/index.php?rest_route=\/wp\/v2\/types\/page"}],"author":[{"embeddable":true,"href":"https:\/\/wsdelblag.pl\/index.php?rest_route=\/wp\/v2\/users\/1"}],"replies":[{"embeddable":true,"href":"https:\/\/wsdelblag.pl\/index.php?rest_route=%2Fwp%2Fv2%2Fcomments&post=142"}],"version-history":[{"count":50,"href":"https:\/\/wsdelblag.pl\/index.php?rest_route=\/wp\/v2\/pages\/142\/revisions"}],"predecessor-version":[{"id":12388,"href":"https:\/\/wsdelblag.pl\/index.php?rest_route=\/wp\/v2\/pages\/142\/revisions\/12388"}],"wp:attachment":[{"href":"https:\/\/wsdelblag.pl\/index.php?rest_route=%2Fwp%2Fv2%2Fmedia&parent=142"}],"curies":[{"name":"wp","href":"https:\/\/api.w.org\/{rel}","templated":true}]}}