{"id":195,"date":"2016-03-13T21:25:23","date_gmt":"2016-03-13T20:25:23","guid":{"rendered":"https:\/\/wsdelblag.pl\/myslnik\/?page_id=195"},"modified":"2016-03-13T21:25:23","modified_gmt":"2016-03-13T20:25:23","slug":"dzialy","status":"publish","type":"page","link":"https:\/\/wsdelblag.pl\/myslnik\/?page_id=195","title":{"rendered":"Dzia\u0142y"},"content":{"rendered":"","protected":false},"excerpt":{"rendered":"","protected":false},"author":1,"featured_media":0,"parent":0,"menu_order":0,"comment_status":"closed","ping_status":"closed","template":"","meta":{"ngg_post_thumbnail":0,"footnotes":""},"yoast_head":"<!-- This site is optimized with the Yoast SEO plugin v17.5 - https:\/\/yoast.com\/wordpress\/plugins\/seo\/ -->\n<title>Dzia\u0142y - My\u015blnik Klerycki<\/title>\n<meta name=\"robots\" content=\"index, follow, max-snippet:-1, max-image-preview:large, max-video-preview:-1\" \/>\n<link rel=\"canonical\" href=\"https:\/\/wsdelblag.pl\/myslnik\/?page_id=195\" \/>\n<meta property=\"og:locale\" content=\"pl_PL\" \/>\n<meta property=\"og:type\" content=\"article\" \/>\n<meta property=\"og:title\" content=\"Dzia\u0142y - My\u015blnik Klerycki\" \/>\n<meta property=\"og:url\" content=\"https:\/\/wsdelblag.pl\/myslnik\/?page_id=195\" \/>\n<meta property=\"og:site_name\" content=\"My\u015blnik Klerycki\" \/>\n<meta name=\"twitter:card\" content=\"summary\" \/>\n<script type=\"application\/ld+json\" class=\"yoast-schema-graph\">{\"@context\":\"https:\/\/schema.org\",\"@graph\":[{\"@type\":\"WebSite\",\"@id\":\"https:\/\/wsdelblag.pl\/myslnik\/#website\",\"url\":\"https:\/\/wsdelblag.pl\/myslnik\/\",\"name\":\"My\\u015blnik Klerycki\",\"description\":\"Pismo alumn\\u00f3w Wy\\u017cszego Seminarium Duchownego w Elbl\\u0105gu\",\"potentialAction\":[{\"@type\":\"SearchAction\",\"target\":{\"@type\":\"EntryPoint\",\"urlTemplate\":\"https:\/\/wsdelblag.pl\/myslnik\/?s={search_term_string}\"},\"query-input\":\"required name=search_term_string\"}],\"inLanguage\":\"pl-PL\"},{\"@type\":\"WebPage\",\"@id\":\"https:\/\/wsdelblag.pl\/myslnik\/?page_id=195#webpage\",\"url\":\"https:\/\/wsdelblag.pl\/myslnik\/?page_id=195\",\"name\":\"Dzia\\u0142y - My\\u015blnik Klerycki\",\"isPartOf\":{\"@id\":\"https:\/\/wsdelblag.pl\/myslnik\/#website\"},\"datePublished\":\"2016-03-13T20:25:23+00:00\",\"dateModified\":\"2016-03-13T20:25:23+00:00\",\"breadcrumb\":{\"@id\":\"https:\/\/wsdelblag.pl\/myslnik\/?page_id=195#breadcrumb\"},\"inLanguage\":\"pl-PL\",\"potentialAction\":[{\"@type\":\"ReadAction\",\"target\":[\"https:\/\/wsdelblag.pl\/myslnik\/?page_id=195\"]}]},{\"@type\":\"BreadcrumbList\",\"@id\":\"https:\/\/wsdelblag.pl\/myslnik\/?page_id=195#breadcrumb\",\"itemListElement\":[{\"@type\":\"ListItem\",\"position\":1,\"name\":\"Strona g\\u0142\\u00f3wna\",\"item\":\"https:\/\/wsdelblag.pl\/myslnik\"},{\"@type\":\"ListItem\",\"position\":2,\"name\":\"Dzia\\u0142y\"}]}]}<\/script>\n<!-- \/ Yoast SEO plugin. -->","yoast_head_json":{"title":"Dzia\u0142y - My\u015blnik Klerycki","robots":{"index":"index","follow":"follow","max-snippet":"max-snippet:-1","max-image-preview":"max-image-preview:large","max-video-preview":"max-video-preview:-1"},"canonical":"https:\/\/wsdelblag.pl\/myslnik\/?page_id=195","og_locale":"pl_PL","og_type":"article","og_title":"Dzia\u0142y - My\u015blnik Klerycki","og_url":"https:\/\/wsdelblag.pl\/myslnik\/?page_id=195","og_site_name":"My\u015blnik Klerycki","twitter_card":"summary","schema":{"@context":"https:\/\/schema.org","@graph":[{"@type":"WebSite","@id":"https:\/\/wsdelblag.pl\/myslnik\/#website","url":"https:\/\/wsdelblag.pl\/myslnik\/","name":"My\u015blnik Klerycki","description":"Pismo alumn\u00f3w Wy\u017cszego Seminarium Duchownego w Elbl\u0105gu","potentialAction":[{"@type":"SearchAction","target":{"@type":"EntryPoint","urlTemplate":"https:\/\/wsdelblag.pl\/myslnik\/?s={search_term_string}"},"query-input":"required name=search_term_string"}],"inLanguage":"pl-PL"},{"@type":"WebPage","@id":"https:\/\/wsdelblag.pl\/myslnik\/?page_id=195#webpage","url":"https:\/\/wsdelblag.pl\/myslnik\/?page_id=195","name":"Dzia\u0142y - My\u015blnik Klerycki","isPartOf":{"@id":"https:\/\/wsdelblag.pl\/myslnik\/#website"},"datePublished":"2016-03-13T20:25:23+00:00","dateModified":"2016-03-13T20:25:23+00:00","breadcrumb":{"@id":"https:\/\/wsdelblag.pl\/myslnik\/?page_id=195#breadcrumb"},"inLanguage":"pl-PL","potentialAction":[{"@type":"ReadAction","target":["https:\/\/wsdelblag.pl\/myslnik\/?page_id=195"]}]},{"@type":"BreadcrumbList","@id":"https:\/\/wsdelblag.pl\/myslnik\/?page_id=195#breadcrumb","itemListElement":[{"@type":"ListItem","position":1,"name":"Strona g\u0142\u00f3wna","item":"https:\/\/wsdelblag.pl\/myslnik"},{"@type":"ListItem","position":2,"name":"Dzia\u0142y"}]}]}},"featured_image_src":null,"featured_image_src_square":null,"uagb_featured_image_src":{"full":false,"thumbnail":false,"medium":false,"medium_large":false,"large":false,"1536x1536":false,"2048x2048":false,"ab-block-post-grid-landscape":false,"ab-block-post-grid-square":false,"hestia-blog":false},"uagb_author_info":{"display_name":"admin","author_link":"https:\/\/wsdelblag.pl\/myslnik\/?author=1"},"uagb_comment_info":0,"uagb_excerpt":null,"_links":{"self":[{"href":"https:\/\/wsdelblag.pl\/myslnik\/index.php?rest_route=\/wp\/v2\/pages\/195"}],"collection":[{"href":"https:\/\/wsdelblag.pl\/myslnik\/index.php?rest_route=\/wp\/v2\/pages"}],"about":[{"href":"https:\/\/wsdelblag.pl\/myslnik\/index.php?rest_route=\/wp\/v2\/types\/page"}],"author":[{"embeddable":true,"href":"https:\/\/wsdelblag.pl\/myslnik\/index.php?rest_route=\/wp\/v2\/users\/1"}],"replies":[{"embeddable":true,"href":"https:\/\/wsdelblag.pl\/myslnik\/index.php?rest_route=%2Fwp%2Fv2%2Fcomments&post=195"}],"version-history":[{"count":1,"href":"https:\/\/wsdelblag.pl\/myslnik\/index.php?rest_route=\/wp\/v2\/pages\/195\/revisions"}],"predecessor-version":[{"id":196,"href":"https:\/\/wsdelblag.pl\/myslnik\/index.php?rest_route=\/wp\/v2\/pages\/195\/revisions\/196"}],"wp:attachment":[{"href":"https:\/\/wsdelblag.pl\/myslnik\/index.php?rest_route=%2Fwp%2Fv2%2Fmedia&parent=195"}],"curies":[{"name":"wp","href":"https:\/\/api.w.org\/{rel}","templated":true}]}}